{"id":936,"date":"2020-06-05T04:07:05","date_gmt":"2020-06-05T02:07:05","guid":{"rendered":"https:\/\/tchelvetia.ch\/de\/?page_id=936"},"modified":"2023-06-08T08:56:45","modified_gmt":"2023-06-08T06:56:45","slug":"datenschutz","status":"publish","type":"page","link":"https:\/\/tchelvetia.ch\/de\/datenschutz\/","title":{"rendered":"Datenschutz"},"content":{"rendered":"\t\t<div data-elementor-type=\"wp-page\" data-elementor-id=\"936\" class=\"elementor elementor-936\" data-elementor-post-type=\"page\">\n\t\t\t\t\t\t<section class=\"elementor-section elementor-top-section elementor-element elementor-element-0fd7e40 elementor-section-full_width elementor-section-height-min-height elementor-section-content-space-around elementor-section-height-default elementor-section-items-middle elementor-invisible\" data-id=\"0fd7e40\" data-element_type=\"section\" data-settings=\"{&quot;background_background&quot;:&quot;classic&quot;,&quot;animation&quot;:&quot;fadeIn&quot;}\">\n\t\t\t\t\t\t<div class=\"elementor-container elementor-column-gap-no\">\n\t\t\t\t\t<div class=\"elementor-column elementor-col-100 elementor-top-column elementor-element elementor-element-adbb1e0\" data-id=\"adbb1e0\" data-element_type=\"column\">\n\t\t\t<div class=\"elementor-widget-wrap\">\n\t\t\t\t\t\t\t<\/div>\n\t\t<\/div>\n\t\t\t\t\t<\/div>\n\t\t<\/section>\n\t\t\t\t<section class=\"elementor-section elementor-top-section elementor-element elementor-element-3575d2e elementor-section-boxed elementor-section-height-default elementor-section-height-default elementor-invisible\" data-id=\"3575d2e\" data-element_type=\"section\" data-settings=\"{&quot;animation&quot;:&quot;fadeIn&quot;}\">\n\t\t\t\t\t\t<div class=\"elementor-container elementor-column-gap-default\">\n\t\t\t\t\t<div class=\"elementor-column elementor-col-100 elementor-top-column elementor-element elementor-element-12547ed\" data-id=\"12547ed\" data-element_type=\"column\">\n\t\t\t<div class=\"elementor-widget-wrap elementor-element-populated\">\n\t\t\t\t\t\t\t<\/div>\n\t\t<\/div>\n\t\t\t\t\t<\/div>\n\t\t<\/section>\n\t\t\t\t<section class=\"elementor-section elementor-top-section elementor-element elementor-element-063c237 elementor-section-boxed elementor-section-height-default elementor-section-height-default\" data-id=\"063c237\" data-element_type=\"section\">\n\t\t\t\t\t\t<div class=\"elementor-container elementor-column-gap-default\">\n\t\t\t\t\t<div class=\"elementor-column elementor-col-100 elementor-top-column elementor-element elementor-element-ac651b1\" data-id=\"ac651b1\" data-element_type=\"column\" data-settings=\"{&quot;background_background&quot;:&quot;classic&quot;}\">\n\t\t\t<div class=\"elementor-widget-wrap elementor-element-populated\">\n\t\t\t\t\t\t<div class=\"elementor-element elementor-element-922ab03 elementor-widget elementor-widget-heading\" data-id=\"922ab03\" data-element_type=\"widget\" data-widget_type=\"heading.default\">\n\t\t\t\t<div class=\"elementor-widget-container\">\n\t\t\t\t\t<h2 class=\"elementor-heading-title elementor-size-default\">HAFTUNGSAUSSCHLUSS<\/h2>\t\t\t\t<\/div>\n\t\t\t\t<\/div>\n\t\t\t\t<div class=\"elementor-element elementor-element-8496ca3 elementor-widget elementor-widget-heading\" data-id=\"8496ca3\" data-element_type=\"widget\" data-widget_type=\"heading.default\">\n\t\t\t\t<div class=\"elementor-widget-container\">\n\t\t\t\t\t<h2 class=\"elementor-heading-title elementor-size-default\">Der Tennis Club Helvetia (TCH) \u00fcbernimmt keinerlei Gew\u00e4hr hinsichtlich der inhaltlichen Richtigkeit, Genauigkeit, Aktualit\u00e4t, Zuverl\u00e4ssigkeit und Vollst\u00e4ndigkeit der Informationen.\n\nHaftungsanspr\u00fcche gegen den TCH wegen Sch\u00e4den materieller oder immaterieller Art, welche aus dem Zugriff oder der Nutzung bzw. Nichtnutzung der ver\u00f6ffentlichten Informationen, durch Missbrauch der Verbindung oder durch technische St\u00f6rungen entstanden sind, werden ausgeschlossen.\n\nAlle Angebote sind unverbindlich. Der TCH beh\u00e4lt es sich ausdr\u00fccklich vor, Teile der Seiten oder das gesamte Angebot ohne gesonderte Ank\u00fcndigung zu ver\u00e4ndern, zu erg\u00e4nzen, zu l\u00f6schen oder die Ver\u00f6ffentlichung zeitweise oder endg\u00fcltig einzustellen.<\/h2>\t\t\t\t<\/div>\n\t\t\t\t<\/div>\n\t\t\t\t<div class=\"elementor-element elementor-element-2c513b3 elementor-widget elementor-widget-heading\" data-id=\"2c513b3\" data-element_type=\"widget\" data-widget_type=\"heading.default\">\n\t\t\t\t<div class=\"elementor-widget-container\">\n\t\t\t\t\t<h2 class=\"elementor-heading-title elementor-size-default\">HAFTUNG F\u00dcR LINKS\n<\/h2>\t\t\t\t<\/div>\n\t\t\t\t<\/div>\n\t\t\t\t<div class=\"elementor-element elementor-element-a81d40a elementor-widget elementor-widget-heading\" data-id=\"a81d40a\" data-element_type=\"widget\" data-widget_type=\"heading.default\">\n\t\t\t\t<div class=\"elementor-widget-container\">\n\t\t\t\t\t<h2 class=\"elementor-heading-title elementor-size-default\">Verweise und Links auf Webseiten Dritter liegen ausserhalb unseres Verantwortungsbereichs. Es wird jegliche Verantwortung f\u00fcr solche Webseiten abgelehnt. Der Zugriff und die Nutzung solcher Webseiten erfolgen auf eigene Gefahr des Nutzers oder der Nutzerin.<\/h2>\t\t\t\t<\/div>\n\t\t\t\t<\/div>\n\t\t\t\t<div class=\"elementor-element elementor-element-0d91824 elementor-widget elementor-widget-heading\" data-id=\"0d91824\" data-element_type=\"widget\" data-widget_type=\"heading.default\">\n\t\t\t\t<div class=\"elementor-widget-container\">\n\t\t\t\t\t<h2 class=\"elementor-heading-title elementor-size-default\">URHEBERRECHTE<\/h2>\t\t\t\t<\/div>\n\t\t\t\t<\/div>\n\t\t\t\t<div class=\"elementor-element elementor-element-5970a3a elementor-widget elementor-widget-heading\" data-id=\"5970a3a\" data-element_type=\"widget\" data-widget_type=\"heading.default\">\n\t\t\t\t<div class=\"elementor-widget-container\">\n\t\t\t\t\t<h2 class=\"elementor-heading-title elementor-size-default\">Die Urheber- und alle anderen Rechte an Inhalten, Bildern, Fotos oder anderen Dateien auf der Website geh\u00f6ren ausschliesslich dem TCH oder den speziell genannten Rechtsinhabern. F\u00fcr die Reproduktion jeglicher Elemente ist die schriftliche Zustimmung der Urheberrechtstr\u00e4ger im Voraus einzuholen.\n<\/h2>\t\t\t\t<\/div>\n\t\t\t\t<\/div>\n\t\t\t\t<div class=\"elementor-element elementor-element-c47a66e elementor-widget elementor-widget-heading\" data-id=\"c47a66e\" data-element_type=\"widget\" data-widget_type=\"heading.default\">\n\t\t\t\t<div class=\"elementor-widget-container\">\n\t\t\t\t\t<h2 class=\"elementor-heading-title elementor-size-default\">COOKIES<\/h2>\t\t\t\t<\/div>\n\t\t\t\t<\/div>\n\t\t\t\t<div class=\"elementor-element elementor-element-00740b3 elementor-widget elementor-widget-heading\" data-id=\"00740b3\" data-element_type=\"widget\" data-widget_type=\"heading.default\">\n\t\t\t\t<div class=\"elementor-widget-container\">\n\t\t\t\t\t<h2 class=\"elementor-heading-title elementor-size-default\">Diese Website verwendet Cookies. Cookies sind kleine Textdateien, die beim Besuch dieser Website in Ihrem Computer dauerhaft oder tempor\u00e4r gespeichert werden. Zweck der Cookies ist insbesondere die Analyse der Nutzung dieser Website zur statistischen Auswertung sowie f\u00fcr kontinuierliche Verbesserungen.\n\nIn Ihrem Browser k\u00f6nnen Sie Cookies in den Einstellungen jederzeit ganz oder teilweise deaktivieren. Bei deaktivierten Cookies stehen Ihnen allenfalls nicht mehr alle Funktionen dieser Website zur Verf\u00fcgung.<\/h2>\t\t\t\t<\/div>\n\t\t\t\t<\/div>\n\t\t\t\t<div class=\"elementor-element elementor-element-f9a0ae3 elementor-widget elementor-widget-heading\" data-id=\"f9a0ae3\" data-element_type=\"widget\" data-widget_type=\"heading.default\">\n\t\t\t\t<div class=\"elementor-widget-container\">\n\t\t\t\t\t<h2 class=\"elementor-heading-title elementor-size-default\">DATENSCHUTZ<\/h2>\t\t\t\t<\/div>\n\t\t\t\t<\/div>\n\t\t\t\t<div class=\"elementor-element elementor-element-cc01e10 elementor-widget elementor-widget-heading\" data-id=\"cc01e10\" data-element_type=\"widget\" data-widget_type=\"heading.default\">\n\t\t\t\t<div class=\"elementor-widget-container\">\n\t\t\t\t\t<h2 class=\"elementor-heading-title elementor-size-default\">Gest\u00fctzt auf Artikel 13 der schweizerischen Bundesverfassung und die datenschutzrechtlichen Bestimmungen des Bundes (Datenschutzgesetz, DSG) hat jede Person Anspruch auf Schutz ihrer Privatsph\u00e4re sowie auf Schutz vor Missbrauch ihrer pers\u00f6nlichen Daten. Wir halten diese Bestimmungen ein. Pers\u00f6nliche Daten werden streng vertraulich behandelt und weder an Dritte verkauft noch weiter gegeben.\n\nIn enger Zusammenarbeit mit unseren Hosting-Providern bem\u00fchen wir uns, die Datenbanken so gut wie m\u00f6glich vor fremden Zugriffen, Verlusten, Missbrauch oder vor F\u00e4lschung zu sch\u00fctzen.\n\nBeim Zugriff auf unsere Webseiten werden folgende Daten in Logfiles gespeichert: IP-Adresse, Datum, Uhrzeit, Browser-Anfrage und allg. \u00fcbertragene Informationen zum Betriebssystem resp. Browser. Diese Nutzungsdaten bilden die Basis f\u00fcr statistische, anonyme Auswertungen, so dass Trends erkennbar sind, anhand derer wir unsere Angebote entsprechend verbessern k\u00f6nnen.<\/h2>\t\t\t\t<\/div>\n\t\t\t\t<\/div>\n\t\t\t\t\t<\/div>\n\t\t<\/div>\n\t\t\t\t\t<\/div>\n\t\t<\/section>\n\t\t\t\t<section class=\"elementor-section elementor-top-section elementor-element elementor-element-cbcb43e elementor-section-boxed elementor-section-height-default elementor-section-height-default\" data-id=\"cbcb43e\" data-element_type=\"section\">\n\t\t\t\t\t\t<div class=\"elementor-container elementor-column-gap-default\">\n\t\t\t\t\t\t<\/div>\n\t\t<\/section>\n\t\t\t\t<\/div>\n\t\t","protected":false},"excerpt":{"rendered":"<p>HAFTUNGSAUSSCHLUSS Der Tennis Club Helvetia (TCH) \u00fcbernimmt keinerlei Gew\u00e4hr hinsichtlich der inhaltlichen Richtigkeit, Genauigkeit, Aktualit\u00e4t, Zuverl\u00e4ssigkeit und Vollst\u00e4ndigkeit der Informationen. Haftungsanspr\u00fcche gegen den TCH wegen Sch\u00e4den materieller oder immaterieller Art, welche aus dem Zugriff oder der Nutzung bzw. Nichtnutzung der ver\u00f6ffentlichten Informationen, durch Missbrauch der Verbindung oder durch technische St\u00f6rungen entstanden sind, werden ausgeschlossen. Alle [&hellip;]<\/p>\n","protected":false},"author":1,"featured_media":943,"parent":0,"menu_order":0,"comment_status":"closed","ping_status":"closed","template":"elementor_header_footer","meta":{"footnotes":""},"class_list":["post-936","page","type-page","status-publish","has-post-thumbnail","hentry"],"_links":{"self":[{"href":"https:\/\/tchelvetia.ch\/de\/wp-json\/wp\/v2\/pages\/936","targetHints":{"allow":["GET"]}}],"collection":[{"href":"https:\/\/tchelvetia.ch\/de\/wp-json\/wp\/v2\/pages"}],"about":[{"href":"https:\/\/tchelvetia.ch\/de\/wp-json\/wp\/v2\/types\/page"}],"author":[{"embeddable":true,"href":"https:\/\/tchelvetia.ch\/de\/wp-json\/wp\/v2\/users\/1"}],"replies":[{"embeddable":true,"href":"https:\/\/tchelvetia.ch\/de\/wp-json\/wp\/v2\/comments?post=936"}],"version-history":[{"count":29,"href":"https:\/\/tchelvetia.ch\/de\/wp-json\/wp\/v2\/pages\/936\/revisions"}],"predecessor-version":[{"id":3937,"href":"https:\/\/tchelvetia.ch\/de\/wp-json\/wp\/v2\/pages\/936\/revisions\/3937"}],"wp:featuredmedia":[{"embeddable":true,"href":"https:\/\/tchelvetia.ch\/de\/wp-json\/wp\/v2\/media\/943"}],"wp:attachment":[{"href":"https:\/\/tchelvetia.ch\/de\/wp-json\/wp\/v2\/media?parent=936"}],"curies":[{"name":"wp","href":"https:\/\/api.w.org\/{rel}","templated":true}]}}