{"id":1616,"date":"2022-08-17T19:24:00","date_gmt":"2022-08-17T17:24:00","guid":{"rendered":"https:\/\/tchelvetia.ch\/de\/?page_id=1616"},"modified":"2025-04-24T23:01:18","modified_gmt":"2025-04-24T21:01:18","slug":"plaetze-geschlossen-home","status":"publish","type":"page","link":"https:\/\/tchelvetia.ch\/de\/","title":{"rendered":"Pl\u00e4tze geschlossen | Home"},"content":{"rendered":"\t\t<div data-elementor-type=\"wp-page\" data-elementor-id=\"1616\" class=\"elementor elementor-1616\" data-elementor-post-type=\"page\">\n\t\t\t\t\t\t<section class=\"elementor-section elementor-top-section elementor-element elementor-element-8254765 elementor-section-full_width elementor-section-height-min-height elementor-section-items-stretch elementor-section-content-space-around elementor-section-height-default elementor-invisible\" data-id=\"8254765\" data-element_type=\"section\" data-settings=\"{&quot;background_background&quot;:&quot;classic&quot;,&quot;animation&quot;:&quot;fadeIn&quot;}\">\n\t\t\t\t\t\t\t<div class=\"elementor-background-overlay\"><\/div>\n\t\t\t\t\t\t\t<div class=\"elementor-container elementor-column-gap-no\">\n\t\t\t\t\t<div class=\"elementor-column elementor-col-100 elementor-top-column elementor-element elementor-element-296d842\" data-id=\"296d842\" data-element_type=\"column\">\n\t\t\t<div class=\"elementor-widget-wrap elementor-element-populated\">\n\t\t\t\t\t\t<div class=\"elementor-element elementor-element-5c3c295 elementor-invisible elementor-widget elementor-widget-image\" data-id=\"5c3c295\" data-element_type=\"widget\" data-settings=\"{&quot;_animation&quot;:&quot;fadeIn&quot;}\" data-widget_type=\"image.default\">\n\t\t\t\t<div class=\"elementor-widget-container\">\n\t\t\t\t\t\t\t\t\t\t\t\t\t\t\t<img decoding=\"async\" width=\"212\" height=\"74\" src=\"https:\/\/tchelvetia.ch\/de\/wp-content\/uploads\/plaetze_gesperrt.png\" class=\"attachment-full size-full wp-image-1629\" alt=\"\" \/>\t\t\t\t\t\t\t\t\t\t\t\t\t\t\t<\/div>\n\t\t\t\t<\/div>\n\t\t\t\t\t<\/div>\n\t\t<\/div>\n\t\t\t\t\t<\/div>\n\t\t<\/section>\n\t\t\t\t<section class=\"elementor-section elementor-top-section elementor-element elementor-element-ba3fa72 elementor-section-boxed elementor-section-height-default elementor-section-height-default elementor-invisible\" data-id=\"ba3fa72\" data-element_type=\"section\" data-settings=\"{&quot;animation&quot;:&quot;fadeIn&quot;}\">\n\t\t\t\t\t\t<div class=\"elementor-container elementor-column-gap-default\">\n\t\t\t\t\t<div class=\"elementor-column elementor-col-100 elementor-top-column elementor-element elementor-element-d06f81a\" data-id=\"d06f81a\" data-element_type=\"column\">\n\t\t\t<div class=\"elementor-widget-wrap elementor-element-populated\">\n\t\t\t\t\t\t<div class=\"elementor-element elementor-element-5b8c782 elementor-widget elementor-widget-heading\" data-id=\"5b8c782\" data-element_type=\"widget\" data-widget_type=\"heading.default\">\n\t\t\t\t<div class=\"elementor-widget-container\">\n\t\t\t\t\t<h2 class=\"elementor-heading-title elementor-size-default\"><a href=\"\/de\/kategorie\/news\/\">NEWS<\/a><\/h2>\t\t\t\t<\/div>\n\t\t\t\t<\/div>\n\t\t\t\t\t<\/div>\n\t\t<\/div>\n\t\t\t\t\t<\/div>\n\t\t<\/section>\n\t\t\t\t<section class=\"elementor-section elementor-top-section elementor-element elementor-element-2051375 animated-slow elementor-section-boxed elementor-section-height-default elementor-section-height-default elementor-invisible\" data-id=\"2051375\" data-element_type=\"section\" data-settings=\"{&quot;animation&quot;:&quot;fadeIn&quot;}\">\n\t\t\t\t\t\t<div class=\"elementor-container elementor-column-gap-default\">\n\t\t\t\t\t<div class=\"elementor-column elementor-col-100 elementor-top-column elementor-element elementor-element-c4ff8fd\" data-id=\"c4ff8fd\" data-element_type=\"column\">\n\t\t\t<div class=\"elementor-widget-wrap elementor-element-populated\">\n\t\t\t\t\t\t<div class=\"elementor-element elementor-element-fb20f03 elementor-grid-2 elementor-grid-tablet-2 elementor-grid-mobile-1 elementor-posts--thumbnail-top elementor-card-shadow-yes elementor-posts__hover-gradient elementor-widget elementor-widget-posts\" data-id=\"fb20f03\" data-element_type=\"widget\" data-settings=\"{&quot;cards_row_gap&quot;:{&quot;unit&quot;:&quot;px&quot;,&quot;size&quot;:20,&quot;sizes&quot;:[]},&quot;cards_columns&quot;:&quot;2&quot;,&quot;cards_columns_tablet&quot;:&quot;2&quot;,&quot;cards_columns_mobile&quot;:&quot;1&quot;,&quot;cards_row_gap_tablet&quot;:{&quot;unit&quot;:&quot;px&quot;,&quot;size&quot;:&quot;&quot;,&quot;sizes&quot;:[]},&quot;cards_row_gap_mobile&quot;:{&quot;unit&quot;:&quot;px&quot;,&quot;size&quot;:&quot;&quot;,&quot;sizes&quot;:[]}}\" data-widget_type=\"posts.cards\">\n\t\t\t\t<div class=\"elementor-widget-container\">\n\t\t\t\t\t\t\t<div class=\"elementor-posts-container elementor-posts elementor-posts--skin-cards elementor-grid\">\n\t\t\t\t<article class=\"elementor-post elementor-grid-item post-5241 post type-post status-publish format-standard has-post-thumbnail hentry category-news\">\n\t\t\t<div class=\"elementor-post__card\">\n\t\t\t\t<a class=\"elementor-post__thumbnail__link\" href=\"https:\/\/tchelvetia.ch\/de\/buchen-unserer-tennisplaetze-ab-freitag-01-mai-2026\/\" tabindex=\"-1\" ><div class=\"elementor-post__thumbnail\"><img fetchpriority=\"high\" decoding=\"async\" width=\"1024\" height=\"680\" src=\"https:\/\/tchelvetia.ch\/de\/wp-content\/uploads\/TCH-Tennisanlage-2.jpg\" class=\"attachment-full size-full wp-image-963\" alt=\"\" srcset=\"https:\/\/tchelvetia.ch\/de\/wp-content\/uploads\/TCH-Tennisanlage-2.jpg 1024w, https:\/\/tchelvetia.ch\/de\/wp-content\/uploads\/TCH-Tennisanlage-2-300x199.jpg 300w, https:\/\/tchelvetia.ch\/de\/wp-content\/uploads\/TCH-Tennisanlage-2-768x510.jpg 768w\" sizes=\"(max-width: 1024px) 100vw, 1024px\" \/><\/div><\/a>\n\t\t\t\t<div class=\"elementor-post__badge\">News<\/div>\n\t\t\t\t<div class=\"elementor-post__text\">\n\t\t\t\t<h3 class=\"elementor-post__title\">\n\t\t\t<a href=\"https:\/\/tchelvetia.ch\/de\/buchen-unserer-tennisplaetze-ab-freitag-01-mai-2026\/\" >\n\t\t\t\tBuchen unserer Tennispl\u00e4tze ab Freitag, 01. Mai 2026\t\t\t<\/a>\n\t\t<\/h3>\n\t\t\t\t<div class=\"elementor-post__excerpt\">\n\t\t\t<p>Am Freitag, 01. Mai 2026 werden wir auf das neue Reservierungssystem &#171;Availio&#187; umstellen, sodass dann nur noch g\u00fcltige Buchungen der Pl\u00e4tze mit diesem System \u00fcber<\/p>\n\t\t<\/div>\n\t\t\t\t\t<div class=\"elementor-post__read-more-wrapper\">\n\t\t\n\t\t<a class=\"elementor-post__read-more\" href=\"https:\/\/tchelvetia.ch\/de\/buchen-unserer-tennisplaetze-ab-freitag-01-mai-2026\/\" aria-label=\"Read more about Buchen unserer Tennispl\u00e4tze ab Freitag, 01. Mai 2026\" tabindex=\"-1\" >\n\t\t\tWeiterlesen \u00bb\t\t<\/a>\n\n\t\t\t\t\t<\/div>\n\t\t\t\t<\/div>\n\t\t\t\t<div class=\"elementor-post__meta-data\">\n\t\t\t\t\t<span class=\"elementor-post-date\">\n\t\t\t30. April 2026\t\t<\/span>\n\t\t\t\t<\/div>\n\t\t\t\t\t<\/div>\n\t\t<\/article>\n\t\t\t\t<article class=\"elementor-post elementor-grid-item post-5155 post type-post status-publish format-standard has-post-thumbnail hentry category-news\">\n\t\t\t<div class=\"elementor-post__card\">\n\t\t\t\t<a class=\"elementor-post__thumbnail__link\" href=\"https:\/\/tchelvetia.ch\/de\/das-jahresprogramm-2026-2\/\" tabindex=\"-1\" ><div class=\"elementor-post__thumbnail\"><img decoding=\"async\" width=\"1400\" height=\"834\" src=\"https:\/\/tchelvetia.ch\/de\/wp-content\/uploads\/news_tch.png\" class=\"attachment-full size-full wp-image-943\" alt=\"\" srcset=\"https:\/\/tchelvetia.ch\/de\/wp-content\/uploads\/news_tch.png 1400w, https:\/\/tchelvetia.ch\/de\/wp-content\/uploads\/news_tch-300x179.png 300w, https:\/\/tchelvetia.ch\/de\/wp-content\/uploads\/news_tch-1024x610.png 1024w, https:\/\/tchelvetia.ch\/de\/wp-content\/uploads\/news_tch-768x458.png 768w\" sizes=\"(max-width: 1400px) 100vw, 1400px\" \/><\/div><\/a>\n\t\t\t\t<div class=\"elementor-post__badge\">News<\/div>\n\t\t\t\t<div class=\"elementor-post__text\">\n\t\t\t\t<h3 class=\"elementor-post__title\">\n\t\t\t<a href=\"https:\/\/tchelvetia.ch\/de\/das-jahresprogramm-2026-2\/\" >\n\t\t\t\tDas Jahresprogramm 2026\t\t\t<\/a>\n\t\t<\/h3>\n\t\t\t\t<div class=\"elementor-post__excerpt\">\n\t\t\t<p>Alle Veranstaltungen und Turniere im \u00dcberblick.<\/p>\n\t\t<\/div>\n\t\t\t\t\t<div class=\"elementor-post__read-more-wrapper\">\n\t\t\n\t\t<a class=\"elementor-post__read-more\" href=\"https:\/\/tchelvetia.ch\/de\/das-jahresprogramm-2026-2\/\" aria-label=\"Read more about Das Jahresprogramm 2026\" tabindex=\"-1\" >\n\t\t\tWeiterlesen \u00bb\t\t<\/a>\n\n\t\t\t\t\t<\/div>\n\t\t\t\t<\/div>\n\t\t\t\t<div class=\"elementor-post__meta-data\">\n\t\t\t\t\t<span class=\"elementor-post-date\">\n\t\t\t23. Februar 2026\t\t<\/span>\n\t\t\t\t<\/div>\n\t\t\t\t\t<\/div>\n\t\t<\/article>\n\t\t\t\t<\/div>\n\t\t\n\t\t\t\t\t\t<\/div>\n\t\t\t\t<\/div>\n\t\t\t\t<div class=\"elementor-element elementor-element-ed7dd0d elementor-grid-tablet-3 elementor-grid-3 elementor-grid-mobile-1 elementor-posts--thumbnail-top elementor-card-shadow-yes elementor-posts__hover-gradient elementor-widget elementor-widget-posts\" data-id=\"ed7dd0d\" data-element_type=\"widget\" data-settings=\"{&quot;cards_row_gap&quot;:{&quot;unit&quot;:&quot;px&quot;,&quot;size&quot;:20,&quot;sizes&quot;:[]},&quot;cards_columns_tablet&quot;:&quot;3&quot;,&quot;cards_columns&quot;:&quot;3&quot;,&quot;cards_columns_mobile&quot;:&quot;1&quot;,&quot;cards_row_gap_tablet&quot;:{&quot;unit&quot;:&quot;px&quot;,&quot;size&quot;:&quot;&quot;,&quot;sizes&quot;:[]},&quot;cards_row_gap_mobile&quot;:{&quot;unit&quot;:&quot;px&quot;,&quot;size&quot;:&quot;&quot;,&quot;sizes&quot;:[]}}\" data-widget_type=\"posts.cards\">\n\t\t\t\t<div class=\"elementor-widget-container\">\n\t\t\t\t\t\t\t<div class=\"elementor-posts-container elementor-posts elementor-posts--skin-cards elementor-grid\">\n\t\t\t\t<article class=\"elementor-post elementor-grid-item post-4882 post type-post status-publish format-standard has-post-thumbnail hentry category-news\">\n\t\t\t<div class=\"elementor-post__card\">\n\t\t\t\t<a class=\"elementor-post__thumbnail__link\" href=\"https:\/\/tchelvetia.ch\/de\/tch-ist-auch-offen-fuer-nicht-helvetia-mitarbeiter-2\/\" tabindex=\"-1\" ><div class=\"elementor-post__thumbnail\"><img loading=\"lazy\" decoding=\"async\" width=\"2560\" height=\"1707\" src=\"https:\/\/tchelvetia.ch\/de\/wp-content\/uploads\/moises-alex-WqI-PbYugn4-unsplash-scaled.jpg\" class=\"attachment-full size-full wp-image-1078\" alt=\"\" srcset=\"https:\/\/tchelvetia.ch\/de\/wp-content\/uploads\/moises-alex-WqI-PbYugn4-unsplash-scaled.jpg 2560w, https:\/\/tchelvetia.ch\/de\/wp-content\/uploads\/moises-alex-WqI-PbYugn4-unsplash-300x200.jpg 300w, https:\/\/tchelvetia.ch\/de\/wp-content\/uploads\/moises-alex-WqI-PbYugn4-unsplash-1024x683.jpg 1024w, https:\/\/tchelvetia.ch\/de\/wp-content\/uploads\/moises-alex-WqI-PbYugn4-unsplash-768x512.jpg 768w, https:\/\/tchelvetia.ch\/de\/wp-content\/uploads\/moises-alex-WqI-PbYugn4-unsplash-1536x1024.jpg 1536w, https:\/\/tchelvetia.ch\/de\/wp-content\/uploads\/moises-alex-WqI-PbYugn4-unsplash-2048x1365.jpg 2048w\" sizes=\"(max-width: 2560px) 100vw, 2560px\" \/><\/div><\/a>\n\t\t\t\t<div class=\"elementor-post__badge\">News<\/div>\n\t\t\t\t<div class=\"elementor-post__text\">\n\t\t\t\t<h3 class=\"elementor-post__title\">\n\t\t\t<a href=\"https:\/\/tchelvetia.ch\/de\/tch-ist-auch-offen-fuer-nicht-helvetia-mitarbeiter-2\/\" >\n\t\t\t\tTCH ist auch offen f\u00fcr Nicht-Helvetia-Mitarbeiter\t\t\t<\/a>\n\t\t<\/h3>\n\t\t\t\t<div class=\"elementor-post__excerpt\">\n\t\t\t<p>Lernen Sie uns kosteng\u00fcnstig via unseren Schnuppertarifen kennen.<\/p>\n\t\t<\/div>\n\t\t\t\t\t<div class=\"elementor-post__read-more-wrapper\">\n\t\t\n\t\t<a class=\"elementor-post__read-more\" href=\"https:\/\/tchelvetia.ch\/de\/tch-ist-auch-offen-fuer-nicht-helvetia-mitarbeiter-2\/\" aria-label=\"Read more about TCH ist auch offen f\u00fcr Nicht-Helvetia-Mitarbeiter\" tabindex=\"-1\" >\n\t\t\tWeiterlesen \u00bb\t\t<\/a>\n\n\t\t\t\t\t<\/div>\n\t\t\t\t<\/div>\n\t\t\t\t<div class=\"elementor-post__meta-data\">\n\t\t\t\t\t<span class=\"elementor-post-date\">\n\t\t\t15. Dezember 2025\t\t<\/span>\n\t\t\t\t<\/div>\n\t\t\t\t\t<\/div>\n\t\t<\/article>\n\t\t\t\t<article class=\"elementor-post elementor-grid-item post-4327 post type-post status-publish format-standard has-post-thumbnail hentry category-news\">\n\t\t\t<div class=\"elementor-post__card\">\n\t\t\t\t<a class=\"elementor-post__thumbnail__link\" href=\"https:\/\/tchelvetia.ch\/de\/kinder-und-jugendtennis-2024\/\" tabindex=\"-1\" ><div class=\"elementor-post__thumbnail\"><img loading=\"lazy\" decoding=\"async\" width=\"1280\" height=\"854\" src=\"https:\/\/tchelvetia.ch\/de\/wp-content\/uploads\/tennis-3554019_1280.jpg\" class=\"attachment-full size-full wp-image-1057\" alt=\"\" srcset=\"https:\/\/tchelvetia.ch\/de\/wp-content\/uploads\/tennis-3554019_1280.jpg 1280w, https:\/\/tchelvetia.ch\/de\/wp-content\/uploads\/tennis-3554019_1280-300x200.jpg 300w, https:\/\/tchelvetia.ch\/de\/wp-content\/uploads\/tennis-3554019_1280-1024x683.jpg 1024w, https:\/\/tchelvetia.ch\/de\/wp-content\/uploads\/tennis-3554019_1280-768x512.jpg 768w\" sizes=\"(max-width: 1280px) 100vw, 1280px\" \/><\/div><\/a>\n\t\t\t\t<div class=\"elementor-post__badge\">News<\/div>\n\t\t\t\t<div class=\"elementor-post__text\">\n\t\t\t\t<h3 class=\"elementor-post__title\">\n\t\t\t<a href=\"https:\/\/tchelvetia.ch\/de\/kinder-und-jugendtennis-2024\/\" >\n\t\t\t\tKinder- und Jugendtennis: Neue Kurse\t\t\t<\/a>\n\t\t<\/h3>\n\t\t\t\t<div class=\"elementor-post__excerpt\">\n\t\t\t<p>Wir f\u00fchren auch dieses Jahr wieder Kinder- und Jugendtenniskurse durch<\/p>\n\t\t<\/div>\n\t\t\t\t\t<div class=\"elementor-post__read-more-wrapper\">\n\t\t\n\t\t<a class=\"elementor-post__read-more\" href=\"https:\/\/tchelvetia.ch\/de\/kinder-und-jugendtennis-2024\/\" aria-label=\"Read more about Kinder- und Jugendtennis: Neue Kurse\" tabindex=\"-1\" >\n\t\t\tWeiterlesen \u00bb\t\t<\/a>\n\n\t\t\t\t\t<\/div>\n\t\t\t\t<\/div>\n\t\t\t\t<div class=\"elementor-post__meta-data\">\n\t\t\t\t\t<span class=\"elementor-post-date\">\n\t\t\t1. M\u00e4rz 2024\t\t<\/span>\n\t\t\t\t<\/div>\n\t\t\t\t\t<\/div>\n\t\t<\/article>\n\t\t\t\t<article class=\"elementor-post elementor-grid-item post-3370 post type-post status-publish format-standard has-post-thumbnail hentry category-news\">\n\t\t\t<div class=\"elementor-post__card\">\n\t\t\t\t<a class=\"elementor-post__thumbnail__link\" href=\"https:\/\/tchelvetia.ch\/de\/aktuelle-mitteilungen-des-vorstands-mitgliederbeitrag-2024\/\" tabindex=\"-1\" ><div class=\"elementor-post__thumbnail\"><img loading=\"lazy\" decoding=\"async\" width=\"2560\" height=\"1437\" src=\"https:\/\/tchelvetia.ch\/de\/wp-content\/uploads\/tennisball-scaled.jpg\" class=\"attachment-full size-full wp-image-1652\" alt=\"\" srcset=\"https:\/\/tchelvetia.ch\/de\/wp-content\/uploads\/tennisball-scaled.jpg 2560w, https:\/\/tchelvetia.ch\/de\/wp-content\/uploads\/tennisball-300x168.jpg 300w, https:\/\/tchelvetia.ch\/de\/wp-content\/uploads\/tennisball-1024x575.jpg 1024w, https:\/\/tchelvetia.ch\/de\/wp-content\/uploads\/tennisball-768x431.jpg 768w, https:\/\/tchelvetia.ch\/de\/wp-content\/uploads\/tennisball-1536x862.jpg 1536w, https:\/\/tchelvetia.ch\/de\/wp-content\/uploads\/tennisball-2048x1150.jpg 2048w\" sizes=\"(max-width: 2560px) 100vw, 2560px\" \/><\/div><\/a>\n\t\t\t\t<div class=\"elementor-post__badge\">News<\/div>\n\t\t\t\t<div class=\"elementor-post__text\">\n\t\t\t\t<h3 class=\"elementor-post__title\">\n\t\t\t<a href=\"https:\/\/tchelvetia.ch\/de\/aktuelle-mitteilungen-des-vorstands-mitgliederbeitrag-2024\/\" >\n\t\t\t\tMitgliederbeitr\u00e4ge ab 2024\t\t\t<\/a>\n\t\t<\/h3>\n\t\t\t\t<div class=\"elementor-post__excerpt\">\n\t\t\t<p>Aktuelle Mitteilung des TCH-Vorstandes<\/p>\n\t\t<\/div>\n\t\t\t\t\t<div class=\"elementor-post__read-more-wrapper\">\n\t\t\n\t\t<a class=\"elementor-post__read-more\" href=\"https:\/\/tchelvetia.ch\/de\/aktuelle-mitteilungen-des-vorstands-mitgliederbeitrag-2024\/\" aria-label=\"Read more about Mitgliederbeitr\u00e4ge ab 2024\" tabindex=\"-1\" >\n\t\t\tWeiterlesen \u00bb\t\t<\/a>\n\n\t\t\t\t\t<\/div>\n\t\t\t\t<\/div>\n\t\t\t\t<div class=\"elementor-post__meta-data\">\n\t\t\t\t\t<span class=\"elementor-post-date\">\n\t\t\t14. Juni 2022\t\t<\/span>\n\t\t\t\t<\/div>\n\t\t\t\t\t<\/div>\n\t\t<\/article>\n\t\t\t\t<\/div>\n\t\t\n\t\t\t\t\t\t<\/div>\n\t\t\t\t<\/div>\n\t\t\t\t\t<\/div>\n\t\t<\/div>\n\t\t\t\t\t<\/div>\n\t\t<\/section>\n\t\t\t\t<section class=\"elementor-section elementor-top-section elementor-element elementor-element-aff4f51 elementor-section-boxed elementor-section-height-default elementor-section-height-default\" data-id=\"aff4f51\" data-element_type=\"section\">\n\t\t\t\t\t\t<div class=\"elementor-container elementor-column-gap-default\">\n\t\t\t\t\t<div class=\"make-column-clickable-elementor elementor-column elementor-col-100 elementor-top-column elementor-element elementor-element-b19d5bd\" style=\"cursor: pointer;\" data-column-clickable=\"https:\/\/tchelvetia.ch\/de\/kategorie\/news\/\" data-column-clickable-blank=\"_self\" data-id=\"b19d5bd\" data-element_type=\"column\" data-settings=\"{&quot;background_background&quot;:&quot;classic&quot;}\">\n\t\t\t<div class=\"elementor-widget-wrap elementor-element-populated\">\n\t\t\t\t\t\t<div class=\"elementor-element elementor-element-ce93733 elementor-view-default elementor-widget elementor-widget-icon\" data-id=\"ce93733\" data-element_type=\"widget\" data-widget_type=\"icon.default\">\n\t\t\t\t<div class=\"elementor-widget-container\">\n\t\t\t\t\t\t\t<div class=\"elementor-icon-wrapper\">\n\t\t\t<div class=\"elementor-icon\">\n\t\t\t<i aria-hidden=\"true\" class=\"fas fa-arrow-circle-right\"><\/i>\t\t\t<\/div>\n\t\t<\/div>\n\t\t\t\t\t\t<\/div>\n\t\t\t\t<\/div>\n\t\t\t\t<div class=\"elementor-element elementor-element-0b387e8 elementor-widget elementor-widget-heading\" data-id=\"0b387e8\" data-element_type=\"widget\" data-widget_type=\"heading.default\">\n\t\t\t\t<div class=\"elementor-widget-container\">\n\t\t\t\t\t<h2 class=\"elementor-heading-title elementor-size-default\">Weitere News anzeigen<\/h2>\t\t\t\t<\/div>\n\t\t\t\t<\/div>\n\t\t\t\t<div class=\"elementor-element elementor-element-b19c758 elementor-widget elementor-widget-heading\" data-id=\"b19c758\" data-element_type=\"widget\" data-widget_type=\"heading.default\">\n\t\t\t\t<div class=\"elementor-widget-container\">\n\t\t\t\t\t<h2 class=\"elementor-heading-title elementor-size-default\">Alle News auf einen Blick.<\/h2>\t\t\t\t<\/div>\n\t\t\t\t<\/div>\n\t\t\t\t\t<\/div>\n\t\t<\/div>\n\t\t\t\t\t<\/div>\n\t\t<\/section>\n\t\t\t\t<\/div>\n\t\t","protected":false},"excerpt":{"rendered":"<p>NEWS Weitere News anzeigen Alle News auf einen Blick.<\/p>\n","protected":false},"author":4,"featured_media":943,"parent":0,"menu_order":0,"comment_status":"closed","ping_status":"closed","template":"elementor_header_footer","meta":{"footnotes":""},"class_list":["post-1616","page","type-page","status-publish","has-post-thumbnail","hentry"],"_links":{"self":[{"href":"https:\/\/tchelvetia.ch\/de\/wp-json\/wp\/v2\/pages\/1616","targetHints":{"allow":["GET"]}}],"collection":[{"href":"https:\/\/tchelvetia.ch\/de\/wp-json\/wp\/v2\/pages"}],"about":[{"href":"https:\/\/tchelvetia.ch\/de\/wp-json\/wp\/v2\/types\/page"}],"author":[{"embeddable":true,"href":"https:\/\/tchelvetia.ch\/de\/wp-json\/wp\/v2\/users\/4"}],"replies":[{"embeddable":true,"href":"https:\/\/tchelvetia.ch\/de\/wp-json\/wp\/v2\/comments?post=1616"}],"version-history":[{"count":117,"href":"https:\/\/tchelvetia.ch\/de\/wp-json\/wp\/v2\/pages\/1616\/revisions"}],"predecessor-version":[{"id":4879,"href":"https:\/\/tchelvetia.ch\/de\/wp-json\/wp\/v2\/pages\/1616\/revisions\/4879"}],"wp:featuredmedia":[{"embeddable":true,"href":"https:\/\/tchelvetia.ch\/de\/wp-json\/wp\/v2\/media\/943"}],"wp:attachment":[{"href":"https:\/\/tchelvetia.ch\/de\/wp-json\/wp\/v2\/media?parent=1616"}],"curies":[{"name":"wp","href":"https:\/\/api.w.org\/{rel}","templated":true}]}}